{"id":9575,"date":"2023-05-14T10:43:13","date_gmt":"2023-05-14T14:43:13","guid":{"rendered":"https:\/\/c55978fc42.nxcli.io\/?post_type=product&#038;p=9575"},"modified":"2026-03-03T01:20:54","modified_gmt":"2026-03-03T06:20:54","slug":"affiche-sortie-exit-fleche-a-droite-ou-a-gauche-aluminium-0-080-vinyle-grade-ingenieur-imprime-lamine-glace-36x24-standard-iz","status":"publish","type":"product","link":"https:\/\/ezsecur.elsnerdev.com\/fr\/product\/affiche-sortie-exit-fleche-a-droite-ou-a-gauche-aluminium-0-080-vinyle-grade-ingenieur-imprime-lamine-glace-36x24-standard-iz\/","title":{"rendered":"Affiche &#8211; SORTIE, EXIT, fl\u00e8che \u00e0 droite ou \u00e0 gauche &#8211; Aluminium 0.080 &#8211; Vinyle Grade Ing\u00e9nieur Imprim\u00e9 Lamin\u00e9 Glac\u00e9 &#8211; 36&#215;24 &#8211; STANDARD IZ"},"content":{"rendered":"<pre id=\"subvalue_PRODUCTCF11\" class=\"mL45 robotoRegular DV_textAreaLineClamp\" data-zcqa=\"value_Description - French\">Fond blanc, lettrage noir. \r\nSORTIE, EXIT, Fl\u00e8che \u00e0 droite ou \u00e0 gauche.<\/pre>\n","protected":false},"excerpt":{"rendered":"<p>Fond blanc, lettrage noir. SORTIE, EXIT, Fl\u00e8che \u00e0 droite ou \u00e0 gauche.<\/p>\n","protected":false},"featured_media":27519,"template":"","meta":[],"product_brand":[],"product_cat":[2625,389,405],"product_tag":[],"class_list":{"0":"post-9575","1":"product","2":"type-product","3":"status-publish","4":"has-post-thumbnail","6":"product_cat-signalisation-dindication","7":"product_cat-signalisation-industrielle-et-circulation-sur-site","8":"product_cat-panneaux-de-signalisation-routiere","9":"pa_organization-ezsecur","10":"pa_sku-std-aff-sortie-exit-080-ing-gla-36x24","11":"pa_unit-pcs","13":"first","14":"instock","15":"taxable","16":"shipping-taxable","17":"purchasable","18":"product-type-simple"},"_links":{"self":[{"href":"https:\/\/ezsecur.elsnerdev.com\/fr\/wp-json\/wp\/v2\/product\/9575","targetHints":{"allow":["GET"]}}],"collection":[{"href":"https:\/\/ezsecur.elsnerdev.com\/fr\/wp-json\/wp\/v2\/product"}],"about":[{"href":"https:\/\/ezsecur.elsnerdev.com\/fr\/wp-json\/wp\/v2\/types\/product"}],"wp:featuredmedia":[{"embeddable":true,"href":"https:\/\/ezsecur.elsnerdev.com\/fr\/wp-json\/wp\/v2\/media\/27519"}],"wp:attachment":[{"href":"https:\/\/ezsecur.elsnerdev.com\/fr\/wp-json\/wp\/v2\/media?parent=9575"}],"wp:term":[{"taxonomy":"product_brand","embeddable":true,"href":"https:\/\/ezsecur.elsnerdev.com\/fr\/wp-json\/wp\/v2\/product_brand?post=9575"},{"taxonomy":"product_cat","embeddable":true,"href":"https:\/\/ezsecur.elsnerdev.com\/fr\/wp-json\/wp\/v2\/product_cat?post=9575"},{"taxonomy":"product_tag","embeddable":true,"href":"https:\/\/ezsecur.elsnerdev.com\/fr\/wp-json\/wp\/v2\/product_tag?post=9575"}],"curies":[{"name":"wp","href":"https:\/\/api.w.org\/{rel}","templated":true}]}}