{"id":9581,"date":"2023-05-14T10:49:53","date_gmt":"2023-05-14T14:49:53","guid":{"rendered":"https:\/\/c55978fc42.nxcli.io\/?post_type=product&#038;p=9581"},"modified":"2026-03-03T01:20:55","modified_gmt":"2026-03-03T06:20:55","slug":"base-en-acier-carree-poteau-peinture-noire-transportable-avec-roulettes-et-poignee-2x2x60-standard-iz","status":"publish","type":"product","link":"https:\/\/ezsecur.elsnerdev.com\/fr\/product\/base-en-acier-carree-poteau-peinture-noire-transportable-avec-roulettes-et-poignee-2x2x60-standard-iz\/","title":{"rendered":"Base en acier carr\u00e9e &#8211; Poteau &#8211; Peinture noire &#8211; Transportable avec roulettes et poign\u00e9e &#8211; 2x2x60 &#8211; STANDARD IZ"},"content":{"rendered":"<p>*** Fabriqu\u00e9 au Qu\u00e9bec ***<\/p>\n<p>Base en acier carr\u00e9e &#8211; Poteau &#8211; Peinture noire, comprenant:<br \/>\n&#8211; Transportable avec roulettes et poign\u00e9e &#8211; 2x2x60 &#8211; STANDARD IZ<br \/>\nBase carr\u00e9 24&#215;24<br \/>\n&#8211; Roues diam\u00e8tre 6&Prime;, axes soud\u00e9s sur flat barres pour transport \u00e0 la main,<br \/>\n&#8211; Barre ceintr\u00e9e pour poign\u00e9e ;<br \/>\n&#8211; Peinture noire ;<br \/>\nBASE ACIER AVEC POTEAU ET ROULETTES<br \/>\nSquare steel base &#8211; Post &#8211; Black paint &#8211; Trans- portable with wheels and handle &#8211; 2x2x60 &#8211; STANDARD IZ<br \/>\n24&#215;24 square base<br \/>\n&#8211; Wheels welded on flat bars for hand transport<br \/>\n&#8211; Belt bar for handle<br \/>\n&#8211; black paint Primer + can (no baked paint)<br \/>\nSTEEL BASE WITH POST AND WHEELS<\/p>\n","protected":false},"excerpt":{"rendered":"<p>*** Fabriqu\u00e9 au Qu\u00e9bec *** Base en acier carr\u00e9e &#8211; Poteau &#8211; Peinture noire, comprenant: &#8211; Transportable avec roulettes et poign\u00e9e &#8211; 2x2x60 &#8211; STANDARD IZ<span class=\"excerpt-hellip\"> [\u2026]<\/span><\/p>\n","protected":false},"featured_media":27521,"template":"","meta":[],"product_brand":[],"product_cat":[389,421],"product_tag":[],"class_list":{"0":"post-9581","1":"product","2":"type-product","3":"status-publish","4":"has-post-thumbnail","6":"product_cat-signalisation-industrielle-et-circulation-sur-site","7":"product_cat-poteaux-supports-bases-accessoires","8":"pa_organization-ezsecur","9":"pa_sku-std-bas-car-charou-noi-2x2x60","10":"pa_unit-pcs","12":"first","13":"instock","14":"taxable","15":"shipping-taxable","16":"purchasable","17":"product-type-simple"},"_links":{"self":[{"href":"https:\/\/ezsecur.elsnerdev.com\/fr\/wp-json\/wp\/v2\/product\/9581","targetHints":{"allow":["GET"]}}],"collection":[{"href":"https:\/\/ezsecur.elsnerdev.com\/fr\/wp-json\/wp\/v2\/product"}],"about":[{"href":"https:\/\/ezsecur.elsnerdev.com\/fr\/wp-json\/wp\/v2\/types\/product"}],"wp:featuredmedia":[{"embeddable":true,"href":"https:\/\/ezsecur.elsnerdev.com\/fr\/wp-json\/wp\/v2\/media\/27521"}],"wp:attachment":[{"href":"https:\/\/ezsecur.elsnerdev.com\/fr\/wp-json\/wp\/v2\/media?parent=9581"}],"wp:term":[{"taxonomy":"product_brand","embeddable":true,"href":"https:\/\/ezsecur.elsnerdev.com\/fr\/wp-json\/wp\/v2\/product_brand?post=9581"},{"taxonomy":"product_cat","embeddable":true,"href":"https:\/\/ezsecur.elsnerdev.com\/fr\/wp-json\/wp\/v2\/product_cat?post=9581"},{"taxonomy":"product_tag","embeddable":true,"href":"https:\/\/ezsecur.elsnerdev.com\/fr\/wp-json\/wp\/v2\/product_tag?post=9581"}],"curies":[{"name":"wp","href":"https:\/\/api.w.org\/{rel}","templated":true}]}}