{"id":9593,"date":"2023-05-14T10:55:43","date_gmt":"2023-05-14T14:55:43","guid":{"rendered":"https:\/\/c55978fc42.nxcli.io\/?post_type=product&#038;p=9593"},"modified":"2026-03-03T01:20:57","modified_gmt":"2026-03-03T06:20:57","slug":"verrouillage-station-2-boites-aluminium-0-125-peinture-cuite-jaune-36x31x12-standard-iz","status":"publish","type":"product","link":"https:\/\/ezsecur.elsnerdev.com\/fr\/product\/verrouillage-station-2-boites-aluminium-0-125-peinture-cuite-jaune-36x31x12-standard-iz\/","title":{"rendered":"Verrouillage &#8211; Station &#8211; 2 boites &#8211; Aluminium 0.125 &#8211; Peinture cuite jaune &#8211; 36x31x12 &#8211; STANDARD IZ"},"content":{"rendered":"<p>*** Fabriqu\u00e9 au Qu\u00e9bec ***<\/p>\n<p>Boitier en aluminium 0.125 d\u00e9coup\u00e9, pli\u00e9 rivet\u00e9, peinture cuite jaune, cap de s\u00e9curit\u00e9, tableau et bo\u00eetiers d&rsquo;isolation en PVC blanc, crochets de cadenas en acier galvanis\u00e9, crochets \u00e0 cl\u00e9, porte cl\u00e9s en acrylique sur les portes des boites d&rsquo;isolation, portes en acrylique 1\/4 avec penture \u00e0 fermeture forc\u00e9e en acier chrom\u00e9, barrures en aluminium \u00e0 cadenas multiples pour les bo\u00eetiers d&rsquo;isolation, poign\u00e9es en acier chrom\u00e9, identifications en vinyle r\u00e9gulier imprim\u00e9 lamin\u00e9 glac\u00e9.<\/p>\n<p>3x boites d&rsquo;isolation 2 crochets, 2 crochets et 9 crochets.<\/p>\n<p>2 boites de verrouillage 9x9x5 en aluminium 1\/8, 4 pin, 4 porte cl\u00e9 en acrylique, barrure cadenassable, installation sur les c\u00f4t\u00e9s et l&rsquo;arri\u00e8re de la station.<\/p>\n<p>Amovible.<\/p>\n","protected":false},"excerpt":{"rendered":"<p>*** Fabriqu\u00e9 au Qu\u00e9bec *** Boitier en aluminium 0.125 d\u00e9coup\u00e9, pli\u00e9 rivet\u00e9, peinture cuite jaune, cap de s\u00e9curit\u00e9, tableau et bo\u00eetiers d&rsquo;isolation en PVC blanc, crochets<span class=\"excerpt-hellip\"> [\u2026]<\/span><\/p>\n","protected":false},"featured_media":27526,"template":"","meta":[],"product_brand":[],"product_cat":[425,430],"product_tag":[],"class_list":{"0":"post-9593","1":"product","2":"type-product","3":"status-publish","4":"has-post-thumbnail","6":"product_cat-securite-machine-verrouillage-cadenassage","7":"product_cat-stations-de-verrouillage","8":"pa_organization-ezsecur","9":"pa_sku-std-ver-sta-2boi-36x31x12","10":"pa_unit-pcs","12":"first","13":"instock","14":"taxable","15":"shipping-taxable","16":"purchasable","17":"product-type-simple"},"_links":{"self":[{"href":"https:\/\/ezsecur.elsnerdev.com\/fr\/wp-json\/wp\/v2\/product\/9593","targetHints":{"allow":["GET"]}}],"collection":[{"href":"https:\/\/ezsecur.elsnerdev.com\/fr\/wp-json\/wp\/v2\/product"}],"about":[{"href":"https:\/\/ezsecur.elsnerdev.com\/fr\/wp-json\/wp\/v2\/types\/product"}],"wp:featuredmedia":[{"embeddable":true,"href":"https:\/\/ezsecur.elsnerdev.com\/fr\/wp-json\/wp\/v2\/media\/27526"}],"wp:attachment":[{"href":"https:\/\/ezsecur.elsnerdev.com\/fr\/wp-json\/wp\/v2\/media?parent=9593"}],"wp:term":[{"taxonomy":"product_brand","embeddable":true,"href":"https:\/\/ezsecur.elsnerdev.com\/fr\/wp-json\/wp\/v2\/product_brand?post=9593"},{"taxonomy":"product_cat","embeddable":true,"href":"https:\/\/ezsecur.elsnerdev.com\/fr\/wp-json\/wp\/v2\/product_cat?post=9593"},{"taxonomy":"product_tag","embeddable":true,"href":"https:\/\/ezsecur.elsnerdev.com\/fr\/wp-json\/wp\/v2\/product_tag?post=9593"}],"curies":[{"name":"wp","href":"https:\/\/api.w.org\/{rel}","templated":true}]}}