{"id":9601,"date":"2023-05-14T11:02:30","date_gmt":"2023-05-14T15:02:30","guid":{"rendered":"https:\/\/c55978fc42.nxcli.io\/?post_type=product&#038;p=9601"},"modified":"2026-03-03T01:20:59","modified_gmt":"2026-03-03T06:20:59","slug":"boitier-5s-trousse-surveillant-despace-clos-10-compartiments-aluminium-plie-rivete-peinture-cuite-rouge-13x16x8-5-standard-iz","status":"publish","type":"product","link":"https:\/\/ezsecur.elsnerdev.com\/fr\/product\/boitier-5s-trousse-surveillant-despace-clos-10-compartiments-aluminium-plie-rivete-peinture-cuite-rouge-13x16x8-5-standard-iz\/","title":{"rendered":"Boitier 5S &#8211; Trousse surveillant d&rsquo;espace clos, 10 compartiments &#8211; Aluminium pli\u00e9 rivet\u00e9, peinture cuite rouge &#8211; 13x16x8.5 &#8211; STANDARD IZ"},"content":{"rendered":"<p>Boitier de type 5S pour op\u00e9rateur en espace clos<br \/>\nDimensions 13x16x8.5<br \/>\nAluminium 0.050, d\u00e9coup\u00e9, pli\u00e9 rivet\u00e9<br \/>\nPeinture cuite rouge<br \/>\nIdentification sur vinyle transparent impression UV, coll\u00e9 sur vinyle grade diamant grandeur 9&#215;3.75<br \/>\nIdentification sur mesure<\/p>\n<p>Prix \u00e0 l&rsquo;unit\u00e9<\/p>\n","protected":false},"excerpt":{"rendered":"<p>Boitier de type 5S pour op\u00e9rateur en espace clos Dimensions 13x16x8.5 Aluminium 0.050, d\u00e9coup\u00e9, pli\u00e9 rivet\u00e9 Peinture cuite rouge Identification sur vinyle transparent impression UV, coll\u00e9<span class=\"excerpt-hellip\"> [\u2026]<\/span><\/p>\n","protected":false},"featured_media":27530,"template":"","meta":[],"product_brand":[],"product_cat":[446,454],"product_tag":[],"class_list":{"0":"post-9601","1":"product","2":"type-product","3":"status-publish","4":"has-post-thumbnail","6":"product_cat-amelioration-continue","7":"product_cat-tableaux-5s-silhouettes-boitiers-de-rangement","8":"pa_organization-ezsecur","9":"pa_sku-std-5s-boi-clos-10comp-13x16x8-5","10":"pa_unit-pc","12":"first","13":"instock","14":"taxable","15":"shipping-taxable","16":"purchasable","17":"product-type-simple"},"_links":{"self":[{"href":"https:\/\/ezsecur.elsnerdev.com\/fr\/wp-json\/wp\/v2\/product\/9601","targetHints":{"allow":["GET"]}}],"collection":[{"href":"https:\/\/ezsecur.elsnerdev.com\/fr\/wp-json\/wp\/v2\/product"}],"about":[{"href":"https:\/\/ezsecur.elsnerdev.com\/fr\/wp-json\/wp\/v2\/types\/product"}],"wp:featuredmedia":[{"embeddable":true,"href":"https:\/\/ezsecur.elsnerdev.com\/fr\/wp-json\/wp\/v2\/media\/27530"}],"wp:attachment":[{"href":"https:\/\/ezsecur.elsnerdev.com\/fr\/wp-json\/wp\/v2\/media?parent=9601"}],"wp:term":[{"taxonomy":"product_brand","embeddable":true,"href":"https:\/\/ezsecur.elsnerdev.com\/fr\/wp-json\/wp\/v2\/product_brand?post=9601"},{"taxonomy":"product_cat","embeddable":true,"href":"https:\/\/ezsecur.elsnerdev.com\/fr\/wp-json\/wp\/v2\/product_cat?post=9601"},{"taxonomy":"product_tag","embeddable":true,"href":"https:\/\/ezsecur.elsnerdev.com\/fr\/wp-json\/wp\/v2\/product_tag?post=9601"}],"curies":[{"name":"wp","href":"https:\/\/api.w.org\/{rel}","templated":true}]}}