{"id":9613,"date":"2023-05-14T11:08:30","date_gmt":"2023-05-14T15:08:30","guid":{"rendered":"https:\/\/c55978fc42.nxcli.io\/?post_type=product&#038;p=9613"},"modified":"2026-03-03T01:21:03","modified_gmt":"2026-03-03T06:21:03","slug":"poteau-acier-galvanise-ajustable-de-42-a-60-peinture-cuite-jaune-base-installation-8x8-2x2x42-a-60-standard-iz","status":"publish","type":"product","link":"https:\/\/ezsecur.elsnerdev.com\/fr\/product\/poteau-acier-galvanise-ajustable-de-42-a-60-peinture-cuite-jaune-base-installation-8x8-2x2x42-a-60-standard-iz\/","title":{"rendered":"Poteau &#8211; Acier galvanis\u00e9 &#8211; Ajustable de 42&Prime; \u00e0 60&Prime; &#8211; Peinture cuite jaune &#8211; Base installation 8&#215;8 &#8211; 2x2x42 \u00e0 60 &#8211; STANDARD IZ"},"content":{"rendered":"<p>*** Fabriqu\u00e9 au Qu\u00e9bec ***<\/p>\n<pre id=\"subvalue_PRODUCTCF11\" class=\"mL45 robotoRegular DV_textAreaLineClamp\" data-zcqa=\"value_Description - French\">Poteau t\u00e9lescopique ajustable de 42 \u00e0 60 pouce. \r\nBase d'installation au sol 8x8 en acier 3\/16, peinture jaune; \r\n4 renforts en acier 3\/16, peinture jaune; \r\nManchon en acier galvanis\u00e9 2x2x30; Poteau en acier standard; \r\n1.75x1.75x42, peinture jaune; \r\n4 angles d'installation pour main courante; \r\nBarre d'arr\u00eat pour ajustement.<\/pre>\n","protected":false},"excerpt":{"rendered":"<p>*** Fabriqu\u00e9 au Qu\u00e9bec *** Poteau t\u00e9lescopique ajustable de 42 \u00e0 60 pouce. Base d&rsquo;installation au sol 8&#215;8 en acier 3\/16, peinture jaune; 4 renforts en<span class=\"excerpt-hellip\"> [\u2026]<\/span><\/p>\n","protected":false},"featured_media":27535,"template":"","meta":[],"product_brand":[],"product_cat":[389,421],"product_tag":[],"class_list":{"0":"post-9613","1":"product","2":"type-product","3":"status-publish","4":"has-post-thumbnail","6":"product_cat-signalisation-industrielle-et-circulation-sur-site","7":"product_cat-poteaux-supports-bases-accessoires","8":"pa_organization-ezsecur","9":"pa_sku-std-pot-gal-base8x8-2x2x60","10":"pa_unit-pcs","12":"first","13":"instock","14":"taxable","15":"shipping-taxable","16":"purchasable","17":"product-type-simple"},"_links":{"self":[{"href":"https:\/\/ezsecur.elsnerdev.com\/fr\/wp-json\/wp\/v2\/product\/9613","targetHints":{"allow":["GET"]}}],"collection":[{"href":"https:\/\/ezsecur.elsnerdev.com\/fr\/wp-json\/wp\/v2\/product"}],"about":[{"href":"https:\/\/ezsecur.elsnerdev.com\/fr\/wp-json\/wp\/v2\/types\/product"}],"wp:featuredmedia":[{"embeddable":true,"href":"https:\/\/ezsecur.elsnerdev.com\/fr\/wp-json\/wp\/v2\/media\/27535"}],"wp:attachment":[{"href":"https:\/\/ezsecur.elsnerdev.com\/fr\/wp-json\/wp\/v2\/media?parent=9613"}],"wp:term":[{"taxonomy":"product_brand","embeddable":true,"href":"https:\/\/ezsecur.elsnerdev.com\/fr\/wp-json\/wp\/v2\/product_brand?post=9613"},{"taxonomy":"product_cat","embeddable":true,"href":"https:\/\/ezsecur.elsnerdev.com\/fr\/wp-json\/wp\/v2\/product_cat?post=9613"},{"taxonomy":"product_tag","embeddable":true,"href":"https:\/\/ezsecur.elsnerdev.com\/fr\/wp-json\/wp\/v2\/product_tag?post=9613"}],"curies":[{"name":"wp","href":"https:\/\/api.w.org\/{rel}","templated":true}]}}