{"id":9701,"date":"2023-05-14T12:14:59","date_gmt":"2023-05-14T16:14:59","guid":{"rendered":"https:\/\/c55978fc42.nxcli.io\/?post_type=product&#038;p=9701"},"modified":"2026-03-03T01:21:12","modified_gmt":"2026-03-03T06:21:12","slug":"barriere-porte-a-ressort-tout-aluminium-modele-b-rouge-hauteur-15-longueur-ajustable-de-42-a-48-standard-iz","status":"publish","type":"product","link":"https:\/\/ezsecur.elsnerdev.com\/fr\/product\/barriere-porte-a-ressort-tout-aluminium-modele-b-rouge-hauteur-15-longueur-ajustable-de-42-a-48-standard-iz\/","title":{"rendered":"Barri\u00e8re, porte \u00e0 ressort tout aluminium mod\u00e8le B &#8211; Rouge -Hauteur 15&Prime; &#8211; Longueur ajustable de 42&Prime; \u00e0 48&Prime; &#8211; STANDARD IZ"},"content":{"rendered":"<p>*** Fabriqu\u00e9 au Qu\u00e9bec ***<\/p>\n<p>Barri\u00e8re, Porte \u00e0 ressort mod\u00e8le B<\/p>\n<ul>\n<li>Mat\u00e9riau : Aluminium<\/li>\n<li>Hauteur : 15\u00a0\u00bb<\/li>\n<li>Longueur : Ajustable de 42\u00a0\u00bb jusaqu&rsquo;\u00e0 48\u00a0\u00bb<\/li>\n<li>Option de couleur : Rouge :\u00a0 STD-POR-ALU-ROU-15 \/ Jaune : \u00a0<span class=\"sku\">STD-POR-ALU-JAU-15<\/span><\/li>\n<li>Option : Visuel avec votre message<\/li>\n<\/ul>\n<p>&nbsp;<\/p>\n","protected":false},"excerpt":{"rendered":"<p>*** Fabriqu\u00e9 au Qu\u00e9bec *** Barri\u00e8re, Porte \u00e0 ressort mod\u00e8le B Mat\u00e9riau : Aluminium Hauteur : 15\u00a0\u00bb Longueur : Ajustable de 42\u00a0\u00bb jusaqu&rsquo;\u00e0 48\u00a0\u00bb Option de<span class=\"excerpt-hellip\"> [\u2026]<\/span><\/p>\n","protected":false},"featured_media":27556,"template":"","meta":[],"product_brand":[],"product_cat":[389,409],"product_tag":[],"class_list":{"0":"post-9701","1":"product","2":"type-product","3":"status-publish","4":"has-post-thumbnail","6":"product_cat-signalisation-industrielle-et-circulation-sur-site","7":"product_cat-barrieres-passages-pietons-mains-courantes","8":"pa_organization-ezsecur","9":"pa_sku-std-por-alu-rou-15","10":"pa_unit-pcs","12":"first","13":"instock","14":"taxable","15":"shipping-taxable","16":"purchasable","17":"product-type-simple"},"_links":{"self":[{"href":"https:\/\/ezsecur.elsnerdev.com\/fr\/wp-json\/wp\/v2\/product\/9701","targetHints":{"allow":["GET"]}}],"collection":[{"href":"https:\/\/ezsecur.elsnerdev.com\/fr\/wp-json\/wp\/v2\/product"}],"about":[{"href":"https:\/\/ezsecur.elsnerdev.com\/fr\/wp-json\/wp\/v2\/types\/product"}],"wp:featuredmedia":[{"embeddable":true,"href":"https:\/\/ezsecur.elsnerdev.com\/fr\/wp-json\/wp\/v2\/media\/27556"}],"wp:attachment":[{"href":"https:\/\/ezsecur.elsnerdev.com\/fr\/wp-json\/wp\/v2\/media?parent=9701"}],"wp:term":[{"taxonomy":"product_brand","embeddable":true,"href":"https:\/\/ezsecur.elsnerdev.com\/fr\/wp-json\/wp\/v2\/product_brand?post=9701"},{"taxonomy":"product_cat","embeddable":true,"href":"https:\/\/ezsecur.elsnerdev.com\/fr\/wp-json\/wp\/v2\/product_cat?post=9701"},{"taxonomy":"product_tag","embeddable":true,"href":"https:\/\/ezsecur.elsnerdev.com\/fr\/wp-json\/wp\/v2\/product_tag?post=9701"}],"curies":[{"name":"wp","href":"https:\/\/api.w.org\/{rel}","templated":true}]}}