{"id":9715,"date":"2023-05-14T12:25:57","date_gmt":"2023-05-14T16:25:57","guid":{"rendered":"https:\/\/c55978fc42.nxcli.io\/?post_type=product&#038;p=9715"},"modified":"2026-03-03T01:21:13","modified_gmt":"2026-03-03T06:21:13","slug":"boitier-lumineux-sur-vehicule-lourd-distance-a-respecter-50-pieds-aluminium-et-acrylique-recto-alimentation-24v-24x15x5-25-standard","status":"publish","type":"product","link":"https:\/\/ezsecur.elsnerdev.com\/fr\/product\/boitier-lumineux-sur-vehicule-lourd-distance-a-respecter-50-pieds-aluminium-et-acrylique-recto-alimentation-24v-24x15x5-25-standard\/","title":{"rendered":"Boitier Lumineux sur v\u00e9hicule lourd &#8211; DISTANCE \u00c0 RESPECTER 50 PIEDS &#8211; Aluminium et acrylique &#8211; Recto &#8211; Alimentation 24V &#8211; 24x15x5.25 &#8211; STANDARD"},"content":{"rendered":"<p>*** Fabriqu\u00e9 au Qu\u00e9bec ***<\/p>\n<pre id=\"subvalue_PRODUCTCF11\" class=\"mL45 robotoRegular DV_textAreaLineClamp\" data-zcqa=\"value_Description - French\">Cadrage en aluminium profil\u00e9, boitier en aluminium 0.080, face en acrylique 1\/4, fond en vinyle rouge, lettrage d\u00e9coup\u00e9, lumi\u00e8re DEL, alimentation 24VDC, installation sur 2 vis de chaque c\u00f4t\u00e9 sur glissi\u00e8re.<\/pre>\n<p>&nbsp;<\/p>\n","protected":false},"excerpt":{"rendered":"<p>*** Fabriqu\u00e9 au Qu\u00e9bec *** Cadrage en aluminium profil\u00e9, boitier en aluminium 0.080, face en acrylique 1\/4, fond en vinyle rouge, lettrage d\u00e9coup\u00e9, lumi\u00e8re DEL, alimentation<span class=\"excerpt-hellip\"> [\u2026]<\/span><\/p>\n","protected":false},"featured_media":27563,"template":"","meta":[],"product_brand":[],"product_cat":[389,391],"product_tag":[],"class_list":{"0":"post-9715","1":"product","2":"type-product","3":"status-publish","4":"has-post-thumbnail","6":"product_cat-signalisation-industrielle-et-circulation-sur-site","7":"product_cat-signalisation-dynamique-activee-a-distance-alimentation-solaire","8":"pa_organization-ezsecur","9":"pa_sku-std-boi-dist50-del-24x15x5-25","10":"pa_unit-pcs","12":"first","13":"instock","14":"taxable","15":"shipping-taxable","16":"purchasable","17":"product-type-simple"},"_links":{"self":[{"href":"https:\/\/ezsecur.elsnerdev.com\/fr\/wp-json\/wp\/v2\/product\/9715","targetHints":{"allow":["GET"]}}],"collection":[{"href":"https:\/\/ezsecur.elsnerdev.com\/fr\/wp-json\/wp\/v2\/product"}],"about":[{"href":"https:\/\/ezsecur.elsnerdev.com\/fr\/wp-json\/wp\/v2\/types\/product"}],"wp:featuredmedia":[{"embeddable":true,"href":"https:\/\/ezsecur.elsnerdev.com\/fr\/wp-json\/wp\/v2\/media\/27563"}],"wp:attachment":[{"href":"https:\/\/ezsecur.elsnerdev.com\/fr\/wp-json\/wp\/v2\/media?parent=9715"}],"wp:term":[{"taxonomy":"product_brand","embeddable":true,"href":"https:\/\/ezsecur.elsnerdev.com\/fr\/wp-json\/wp\/v2\/product_brand?post=9715"},{"taxonomy":"product_cat","embeddable":true,"href":"https:\/\/ezsecur.elsnerdev.com\/fr\/wp-json\/wp\/v2\/product_cat?post=9715"},{"taxonomy":"product_tag","embeddable":true,"href":"https:\/\/ezsecur.elsnerdev.com\/fr\/wp-json\/wp\/v2\/product_tag?post=9715"}],"curies":[{"name":"wp","href":"https:\/\/api.w.org\/{rel}","templated":true}]}}