{"id":9735,"date":"2023-05-14T12:42:26","date_gmt":"2023-05-14T16:42:26","guid":{"rendered":"https:\/\/c55978fc42.nxcli.io\/?post_type=product&#038;p=9735"},"modified":"2026-03-03T01:21:17","modified_gmt":"2026-03-03T06:21:17","slug":"devidoir-industriel-avec-ruban-3-5-x-100-pieds-standard","status":"publish","type":"product","link":"https:\/\/ezsecur.elsnerdev.com\/fr\/product\/devidoir-industriel-avec-ruban-3-5-x-100-pieds-standard\/","title":{"rendered":"D\u00e9vidoir industriel avec ruban 3.5&Prime; x 100 pieds &#8211; STANDARD IZ"},"content":{"rendered":"<p>*** Fabriqu\u00e9 au Qu\u00e9bec ***<\/p>\n<pre id=\"subvalue_PRODUCTCF11\" class=\"mL45 robotoRegular DV_textAreaLineClamp\" data-zcqa=\"value_Description - French\">D\u00e9vidoir grade industriel, 3.5\" x 100 pieds; \r\nBande rouge en mat\u00e9riaux de type sunscreen, rouge lettrage noir; \r\nCaisson en ABS 1\/4\" et 1\" noir, crochet en ABS, base pour installation sur support vertical; \r\nPoign\u00e9e en acier pli\u00e9 1\/2\" avec crochet arr\u00eat; \r\nLettrage DANGER<\/pre>\n","protected":false},"excerpt":{"rendered":"<p>*** Fabriqu\u00e9 au Qu\u00e9bec *** D\u00e9vidoir grade industriel, 3.5&Prime; x 100 pieds; Bande rouge en mat\u00e9riaux de type sunscreen, rouge lettrage noir; Caisson en ABS 1\/4&Prime;<span class=\"excerpt-hellip\"> [\u2026]<\/span><\/p>\n","protected":false},"featured_media":27571,"template":"","meta":[],"product_brand":[],"product_cat":[425,434],"product_tag":[],"class_list":{"0":"post-9735","1":"product","2":"type-product","3":"status-publish","4":"has-post-thumbnail","6":"product_cat-securite-machine-verrouillage-cadenassage","7":"product_cat-boites-de-cadenassage","8":"pa_organization-ezsecur","9":"pa_sku-std-sig-devi-abs-3-5x100","10":"pa_unit-pcs","12":"first","13":"instock","14":"taxable","15":"shipping-taxable","16":"purchasable","17":"product-type-simple"},"_links":{"self":[{"href":"https:\/\/ezsecur.elsnerdev.com\/fr\/wp-json\/wp\/v2\/product\/9735","targetHints":{"allow":["GET"]}}],"collection":[{"href":"https:\/\/ezsecur.elsnerdev.com\/fr\/wp-json\/wp\/v2\/product"}],"about":[{"href":"https:\/\/ezsecur.elsnerdev.com\/fr\/wp-json\/wp\/v2\/types\/product"}],"wp:featuredmedia":[{"embeddable":true,"href":"https:\/\/ezsecur.elsnerdev.com\/fr\/wp-json\/wp\/v2\/media\/27571"}],"wp:attachment":[{"href":"https:\/\/ezsecur.elsnerdev.com\/fr\/wp-json\/wp\/v2\/media?parent=9735"}],"wp:term":[{"taxonomy":"product_brand","embeddable":true,"href":"https:\/\/ezsecur.elsnerdev.com\/fr\/wp-json\/wp\/v2\/product_brand?post=9735"},{"taxonomy":"product_cat","embeddable":true,"href":"https:\/\/ezsecur.elsnerdev.com\/fr\/wp-json\/wp\/v2\/product_cat?post=9735"},{"taxonomy":"product_tag","embeddable":true,"href":"https:\/\/ezsecur.elsnerdev.com\/fr\/wp-json\/wp\/v2\/product_tag?post=9735"}],"curies":[{"name":"wp","href":"https:\/\/api.w.org\/{rel}","templated":true}]}}