{"id":9745,"date":"2023-05-14T12:50:23","date_gmt":"2023-05-14T16:50:23","guid":{"rendered":"https:\/\/c55978fc42.nxcli.io\/?post_type=product&#038;p=9745"},"modified":"2026-03-03T01:21:18","modified_gmt":"2026-03-03T06:21:18","slug":"verrouillage-station-30-boites-de-verrouillage-96x56-standard-iz","status":"publish","type":"product","link":"https:\/\/ezsecur.elsnerdev.com\/fr\/product\/verrouillage-station-30-boites-de-verrouillage-96x56-standard-iz\/","title":{"rendered":"Verrouillage &#8211; Station &#8211; 30 boites de verrouillage &#8211; 96&#215;56 &#8211; STANDARD IZ"},"content":{"rendered":"<p>*** Fabriqu\u00e9 au Qu\u00e9bec ***<\/p>\n<p>Station de verrouillage recto verso.<\/p>\n<p>Cadre en tube d&rsquo;aluminium 2&#215;2 avec 4 roulettes grand diam\u00e8tre pour surface in\u00e9gale dont 2 libres, 2x poign\u00e9es de mobilit\u00e9, faces en aluminium 0.125, visuels en vinyle r\u00e9gulier imprim\u00e9 lamin\u00e9 glac\u00e9, 30 boites de verrouillage 4 pin en aluminium peinture cuite jaune 9x9x5, 30 tablettes \u00e0 feuille 8.5&#215;11 mobiles, 2 porte-feuilles 8.5&#215;11, visuel sur vinyle imprim\u00e9 lamin\u00e9 glac\u00e9.<\/p>\n","protected":false},"excerpt":{"rendered":"<p>*** Fabriqu\u00e9 au Qu\u00e9bec *** Station de verrouillage recto verso. Cadre en tube d&rsquo;aluminium 2&#215;2 avec 4 roulettes grand diam\u00e8tre pour surface in\u00e9gale dont 2 libres,<span class=\"excerpt-hellip\"> [\u2026]<\/span><\/p>\n","protected":false},"featured_media":27577,"template":"","meta":[],"product_brand":[],"product_cat":[425,430],"product_tag":[],"class_list":{"0":"post-9745","1":"product","2":"type-product","3":"status-publish","4":"has-post-thumbnail","6":"product_cat-securite-machine-verrouillage-cadenassage","7":"product_cat-stations-de-verrouillage","8":"pa_organization-ezsecur","9":"pa_sku-std-ver-sta-rec-96x56","10":"pa_unit-pcs","12":"first","13":"instock","14":"taxable","15":"shipping-taxable","16":"purchasable","17":"product-type-simple"},"_links":{"self":[{"href":"https:\/\/ezsecur.elsnerdev.com\/fr\/wp-json\/wp\/v2\/product\/9745","targetHints":{"allow":["GET"]}}],"collection":[{"href":"https:\/\/ezsecur.elsnerdev.com\/fr\/wp-json\/wp\/v2\/product"}],"about":[{"href":"https:\/\/ezsecur.elsnerdev.com\/fr\/wp-json\/wp\/v2\/types\/product"}],"wp:featuredmedia":[{"embeddable":true,"href":"https:\/\/ezsecur.elsnerdev.com\/fr\/wp-json\/wp\/v2\/media\/27577"}],"wp:attachment":[{"href":"https:\/\/ezsecur.elsnerdev.com\/fr\/wp-json\/wp\/v2\/media?parent=9745"}],"wp:term":[{"taxonomy":"product_brand","embeddable":true,"href":"https:\/\/ezsecur.elsnerdev.com\/fr\/wp-json\/wp\/v2\/product_brand?post=9745"},{"taxonomy":"product_cat","embeddable":true,"href":"https:\/\/ezsecur.elsnerdev.com\/fr\/wp-json\/wp\/v2\/product_cat?post=9745"},{"taxonomy":"product_tag","embeddable":true,"href":"https:\/\/ezsecur.elsnerdev.com\/fr\/wp-json\/wp\/v2\/product_tag?post=9745"}],"curies":[{"name":"wp","href":"https:\/\/api.w.org\/{rel}","templated":true}]}}