{"id":9771,"date":"2023-05-14T13:06:59","date_gmt":"2023-05-14T17:06:59","guid":{"rendered":"https:\/\/c55978fc42.nxcli.io\/?post_type=product&#038;p=9771"},"modified":"2026-03-03T01:21:19","modified_gmt":"2026-03-03T06:21:19","slug":"anticollision-miroir-48-gyrophare-2x-detecteurs-de-mouvement-standard-iz","status":"publish","type":"product","link":"https:\/\/ezsecur.elsnerdev.com\/fr\/product\/anticollision-miroir-48-gyrophare-2x-detecteurs-de-mouvement-standard-iz\/","title":{"rendered":"Anticollision &#8211; Miroir 48&Prime; &#8211; Gyrophare &#8211; 2x d\u00e9tecteurs de mouvement &#8211; STANDARD IZ"},"content":{"rendered":"<p>*** Fabriqu\u00e9 au Qu\u00e9bec ***<\/p>\n<pre id=\"subvalue_PRODUCTCF11\" class=\"mL45 robotoRegular DV_textAreaLineClamp\" data-zcqa=\"value_Description - French\">Kit anticollision comprenant: \r\n1x miroir en d\u00f4me dia 48\", acrylique, 4 cha\u00eenettes, crochet de suspension, tube NPT 1p en acier galvanis\u00e9 longueur 24p. \r\nUn support en PVC 1\/2. \r\n1 balise rotative orange. \r\n2 d\u00e9tecteurs de mouvement Heavy Duty, PIR et Microwave, d\u00e9tection r\u00e9glable jusqu'\u00e0 135 pieds. \r\nAlimentation 120VAC. \r\nGyrophare activ\u00e9 d\u00e8s 1x d\u00e9tection.<\/pre>\n","protected":false},"excerpt":{"rendered":"<p>*** Fabriqu\u00e9 au Qu\u00e9bec *** Kit anticollision comprenant: 1x miroir en d\u00f4me dia 48&Prime;, acrylique, 4 cha\u00eenettes, crochet de suspension, tube NPT 1p en acier galvanis\u00e9<span class=\"excerpt-hellip\"> [\u2026]<\/span><\/p>\n","protected":false},"featured_media":27582,"template":"","meta":[],"product_brand":[],"product_cat":[389,397],"product_tag":[],"class_list":{"0":"post-9771","1":"product","2":"type-product","3":"status-publish","4":"has-post-thumbnail","6":"product_cat-signalisation-industrielle-et-circulation-sur-site","7":"product_cat-systemes-anti-collision","8":"pa_organization-ezsecur","9":"pa_sku-std-anticol-mir48-gyro-2det","10":"pa_unit-pcs","12":"first","13":"instock","14":"taxable","15":"shipping-taxable","16":"purchasable","17":"product-type-simple"},"_links":{"self":[{"href":"https:\/\/ezsecur.elsnerdev.com\/fr\/wp-json\/wp\/v2\/product\/9771","targetHints":{"allow":["GET"]}}],"collection":[{"href":"https:\/\/ezsecur.elsnerdev.com\/fr\/wp-json\/wp\/v2\/product"}],"about":[{"href":"https:\/\/ezsecur.elsnerdev.com\/fr\/wp-json\/wp\/v2\/types\/product"}],"wp:featuredmedia":[{"embeddable":true,"href":"https:\/\/ezsecur.elsnerdev.com\/fr\/wp-json\/wp\/v2\/media\/27582"}],"wp:attachment":[{"href":"https:\/\/ezsecur.elsnerdev.com\/fr\/wp-json\/wp\/v2\/media?parent=9771"}],"wp:term":[{"taxonomy":"product_brand","embeddable":true,"href":"https:\/\/ezsecur.elsnerdev.com\/fr\/wp-json\/wp\/v2\/product_brand?post=9771"},{"taxonomy":"product_cat","embeddable":true,"href":"https:\/\/ezsecur.elsnerdev.com\/fr\/wp-json\/wp\/v2\/product_cat?post=9771"},{"taxonomy":"product_tag","embeddable":true,"href":"https:\/\/ezsecur.elsnerdev.com\/fr\/wp-json\/wp\/v2\/product_tag?post=9771"}],"curies":[{"name":"wp","href":"https:\/\/api.w.org\/{rel}","templated":true}]}}