{"id":9787,"date":"2023-09-17T09:38:45","date_gmt":"2023-09-17T13:38:45","guid":{"rendered":"https:\/\/c55978fc42.nxcli.io\/?post_type=product&#038;p=9787"},"modified":"2026-03-03T01:21:22","modified_gmt":"2026-03-03T06:21:22","slug":"verrouillage-boite-portative-aluminium-0-080-peinture-cuite-jaune-4-pin-9x9x5-standard-iz","status":"publish","type":"product","link":"https:\/\/ezsecur.elsnerdev.com\/fr\/product\/verrouillage-boite-portative-aluminium-0-080-peinture-cuite-jaune-4-pin-9x9x5-standard-iz\/","title":{"rendered":"Verrouillage &#8211; Boite portative &#8211; aluminium 0.080 &#8211; Peinture cuite jaune &#8211; 4 Pin &#8211; 9x9x5 &#8211; STANDARD IZ"},"content":{"rendered":"<p>*** Fabriqu\u00e9 au Qu\u00e9bec ***<\/p>\n<pre id=\"subvalue_PRODUCTCF11\" class=\"mL45 robotoRegular DV_textAreaLineClamp\" data-zcqa=\"value_Description - French\">Boite en aluminium d\u00e9coup\u00e9 pli\u00e9, \r\n4 PIN cr\u00e9nel\u00e9s pour cadenas, \r\n4 crochets \u00e0 cl\u00e9s, \r\nporte en acrylique 1\/4 clair, \r\npentures \u00e0 fermeture forc\u00e9e en acier chrom\u00e9, \r\nbarrure \u00e0 5 cadenas plus cadenas maitre, \r\npoign\u00e9e en plastique, \r\ncable avec boucle<\/pre>\n","protected":false},"excerpt":{"rendered":"<p>*** Fabriqu\u00e9 au Qu\u00e9bec *** Boite en aluminium d\u00e9coup\u00e9 pli\u00e9, 4 PIN cr\u00e9nel\u00e9s pour cadenas, 4 crochets \u00e0 cl\u00e9s, porte en acrylique 1\/4 clair, pentures \u00e0<span class=\"excerpt-hellip\"> [\u2026]<\/span><\/p>\n","protected":false},"featured_media":27589,"template":"","meta":[],"product_brand":[],"product_cat":[425,434],"product_tag":[],"class_list":{"0":"post-9787","1":"product","2":"type-product","3":"status-publish","4":"has-post-thumbnail","6":"product_cat-securite-machine-verrouillage-cadenassage","7":"product_cat-boites-de-cadenassage","8":"pa_organization-ezsecur","9":"pa_sku-std-ver-boi-9x9x5","10":"pa_unit-pcs","12":"first","13":"instock","14":"taxable","15":"shipping-taxable","16":"purchasable","17":"product-type-simple"},"_links":{"self":[{"href":"https:\/\/ezsecur.elsnerdev.com\/fr\/wp-json\/wp\/v2\/product\/9787","targetHints":{"allow":["GET"]}}],"collection":[{"href":"https:\/\/ezsecur.elsnerdev.com\/fr\/wp-json\/wp\/v2\/product"}],"about":[{"href":"https:\/\/ezsecur.elsnerdev.com\/fr\/wp-json\/wp\/v2\/types\/product"}],"wp:featuredmedia":[{"embeddable":true,"href":"https:\/\/ezsecur.elsnerdev.com\/fr\/wp-json\/wp\/v2\/media\/27589"}],"wp:attachment":[{"href":"https:\/\/ezsecur.elsnerdev.com\/fr\/wp-json\/wp\/v2\/media?parent=9787"}],"wp:term":[{"taxonomy":"product_brand","embeddable":true,"href":"https:\/\/ezsecur.elsnerdev.com\/fr\/wp-json\/wp\/v2\/product_brand?post=9787"},{"taxonomy":"product_cat","embeddable":true,"href":"https:\/\/ezsecur.elsnerdev.com\/fr\/wp-json\/wp\/v2\/product_cat?post=9787"},{"taxonomy":"product_tag","embeddable":true,"href":"https:\/\/ezsecur.elsnerdev.com\/fr\/wp-json\/wp\/v2\/product_tag?post=9787"}],"curies":[{"name":"wp","href":"https:\/\/api.w.org\/{rel}","templated":true}]}}