{"id":9815,"date":"2023-05-14T13:46:30","date_gmt":"2023-05-14T17:46:30","guid":{"rendered":"https:\/\/c55978fc42.nxcli.io\/?post_type=product&#038;p=9815"},"modified":"2026-03-03T01:21:29","modified_gmt":"2026-03-03T06:21:29","slug":"barriere-en-polycarbonate-kit-complet-avec-support-a-jersey-et-bras-standard","status":"publish","type":"product","link":"https:\/\/ezsecur.elsnerdev.com\/fr\/product\/barriere-en-polycarbonate-kit-complet-avec-support-a-jersey-et-bras-standard\/","title":{"rendered":"Barriere en polycarbonate &#8211; Kit complet avec Support \u00e0 jersey et bras &#8211; STANDARD"},"content":{"rendered":"<p>*** Fabriqu\u00e9 au Qu\u00e9bec ***<\/p>\n<p>Barri\u00e8re de protection flexible pour la s\u00e9curit\u00e9 des pi\u00e9tons install\u00e9e sur glissi\u00e8re de b\u00e9ton<\/p>\n<ul>\n<li>Mat\u00e9riau : Polycarbonate d\u2019\u00e9paisseur 1\/8\u201d<\/li>\n<li>M\u00e2choire en acier galvanis\u00e9, buffer en caoutchouc<\/li>\n<li>Bras en acier peinture cuite noire orientable avec bille de maintien<\/li>\n<li>Support \u00e0 jersey en acier peinture cuite Jaune Securit\u00e9<\/li>\n<li>Visuel recto-verso en vinyle imprim\u00e9 lamin\u00e9 glac\u00e9<\/li>\n<li>Option : Votre lettrage.<\/li>\n<\/ul>\n","protected":false},"excerpt":{"rendered":"<p>*** Fabriqu\u00e9 au Qu\u00e9bec *** Barri\u00e8re de protection flexible pour la s\u00e9curit\u00e9 des pi\u00e9tons install\u00e9e sur glissi\u00e8re de b\u00e9ton Mat\u00e9riau : Polycarbonate d\u2019\u00e9paisseur 1\/8\u201d M\u00e2choire en<span class=\"excerpt-hellip\"> [\u2026]<\/span><\/p>\n","protected":false},"featured_media":27600,"template":"","meta":[],"product_brand":[],"product_cat":[389,409],"product_tag":[],"class_list":{"0":"post-9815","1":"product","2":"type-product","3":"status-publish","4":"has-post-thumbnail","6":"product_cat-signalisation-industrielle-et-circulation-sur-site","7":"product_cat-barrieres-passages-pietons-mains-courantes","8":"pa_organization-ezsecur","9":"pa_sku-std-kit-bar-poly-jer","10":"pa_unit-pcs","12":"first","13":"instock","14":"taxable","15":"shipping-taxable","16":"purchasable","17":"product-type-simple"},"_links":{"self":[{"href":"https:\/\/ezsecur.elsnerdev.com\/fr\/wp-json\/wp\/v2\/product\/9815","targetHints":{"allow":["GET"]}}],"collection":[{"href":"https:\/\/ezsecur.elsnerdev.com\/fr\/wp-json\/wp\/v2\/product"}],"about":[{"href":"https:\/\/ezsecur.elsnerdev.com\/fr\/wp-json\/wp\/v2\/types\/product"}],"wp:featuredmedia":[{"embeddable":true,"href":"https:\/\/ezsecur.elsnerdev.com\/fr\/wp-json\/wp\/v2\/media\/27600"}],"wp:attachment":[{"href":"https:\/\/ezsecur.elsnerdev.com\/fr\/wp-json\/wp\/v2\/media?parent=9815"}],"wp:term":[{"taxonomy":"product_brand","embeddable":true,"href":"https:\/\/ezsecur.elsnerdev.com\/fr\/wp-json\/wp\/v2\/product_brand?post=9815"},{"taxonomy":"product_cat","embeddable":true,"href":"https:\/\/ezsecur.elsnerdev.com\/fr\/wp-json\/wp\/v2\/product_cat?post=9815"},{"taxonomy":"product_tag","embeddable":true,"href":"https:\/\/ezsecur.elsnerdev.com\/fr\/wp-json\/wp\/v2\/product_tag?post=9815"}],"curies":[{"name":"wp","href":"https:\/\/api.w.org\/{rel}","templated":true}]}}