{"id":9823,"date":"2023-05-14T13:58:17","date_gmt":"2023-05-14T17:58:17","guid":{"rendered":"https:\/\/c55978fc42.nxcli.io\/?post_type=product&#038;p=9823"},"modified":"2026-03-03T01:21:31","modified_gmt":"2026-03-03T06:21:31","slug":"barriere-en-polycarbonate-avec-machoire-dinstallation-seule-33x8-standard-iz","status":"publish","type":"product","link":"https:\/\/ezsecur.elsnerdev.com\/fr\/product\/barriere-en-polycarbonate-avec-machoire-dinstallation-seule-33x8-standard-iz\/","title":{"rendered":"Barri\u00e8re en polycarbonate avec m\u00e2choire d&rsquo;installation seule &#8211; 33&#215;8 &#8211; STANDARD IZ"},"content":{"rendered":"<p>*** Fabriqu\u00e9 au Qu\u00e9bec ***<\/p>\n<p>Barri\u00e8re de protection industrielle flexible pour la s\u00e9curit\u00e9 des pi\u00e9tons<\/p>\n<ul>\n<li>Mat\u00e9riau : Polycarbonate d&rsquo;\u00e9paisseur 1\/8\u00a0\u00bb<\/li>\n<li>M\u00e2choire en acier galvanis\u00e9, buffer en caoutchouc<\/li>\n<li>Visuel recto-verso en vinyle imprim\u00e9 lamin\u00e9 glac\u00e9<\/li>\n<li>Option de longueur standard : 33\u00a0\u00bb : STD-BAR-POLY-33X8 \/ 48\u00a0\u00bb : STD-BAR-POLY-48&#215;8<\/li>\n<li>Option : Votre lettrage.<\/li>\n<\/ul>\n","protected":false},"excerpt":{"rendered":"<p>*** Fabriqu\u00e9 au Qu\u00e9bec *** Barri\u00e8re de protection industrielle flexible pour la s\u00e9curit\u00e9 des pi\u00e9tons Mat\u00e9riau : Polycarbonate d&rsquo;\u00e9paisseur 1\/8\u00a0\u00bb M\u00e2choire en acier galvanis\u00e9, buffer en<span class=\"excerpt-hellip\"> [\u2026]<\/span><\/p>\n","protected":false},"featured_media":27605,"template":"","meta":[],"product_brand":[],"product_cat":[389,409],"product_tag":[],"class_list":{"0":"post-9823","1":"product","2":"type-product","3":"status-publish","4":"has-post-thumbnail","6":"product_cat-signalisation-industrielle-et-circulation-sur-site","7":"product_cat-barrieres-passages-pietons-mains-courantes","8":"pa_organization-ezsecur","9":"pa_sku-std-bar-poly-33x8","10":"pa_unit-pcs","12":"first","13":"instock","14":"taxable","15":"shipping-taxable","16":"purchasable","17":"product-type-simple"},"_links":{"self":[{"href":"https:\/\/ezsecur.elsnerdev.com\/fr\/wp-json\/wp\/v2\/product\/9823","targetHints":{"allow":["GET"]}}],"collection":[{"href":"https:\/\/ezsecur.elsnerdev.com\/fr\/wp-json\/wp\/v2\/product"}],"about":[{"href":"https:\/\/ezsecur.elsnerdev.com\/fr\/wp-json\/wp\/v2\/types\/product"}],"wp:featuredmedia":[{"embeddable":true,"href":"https:\/\/ezsecur.elsnerdev.com\/fr\/wp-json\/wp\/v2\/media\/27605"}],"wp:attachment":[{"href":"https:\/\/ezsecur.elsnerdev.com\/fr\/wp-json\/wp\/v2\/media?parent=9823"}],"wp:term":[{"taxonomy":"product_brand","embeddable":true,"href":"https:\/\/ezsecur.elsnerdev.com\/fr\/wp-json\/wp\/v2\/product_brand?post=9823"},{"taxonomy":"product_cat","embeddable":true,"href":"https:\/\/ezsecur.elsnerdev.com\/fr\/wp-json\/wp\/v2\/product_cat?post=9823"},{"taxonomy":"product_tag","embeddable":true,"href":"https:\/\/ezsecur.elsnerdev.com\/fr\/wp-json\/wp\/v2\/product_tag?post=9823"}],"curies":[{"name":"wp","href":"https:\/\/api.w.org\/{rel}","templated":true}]}}