{"id":9971,"date":"2023-09-19T07:36:32","date_gmt":"2023-09-19T11:36:32","guid":{"rendered":"https:\/\/c55978fc42.nxcli.io\/?post_type=product&#038;p=9971"},"modified":"2026-03-03T01:21:33","modified_gmt":"2026-03-03T06:21:33","slug":"cadenassage-cable-1-5mm-en-acier-reglable-type-moraillon-12-standard","status":"publish","type":"product","link":"https:\/\/ezsecur.elsnerdev.com\/fr\/product\/cadenassage-cable-1-5mm-en-acier-reglable-type-moraillon-12-standard\/","title":{"rendered":"Cadenassage &#8211; C\u00e2ble 1.5mm en acier r\u00e9glable type moraillon &#8211; 12 &#8211; STANDARD"},"content":{"rendered":"<p id=\"subvalue_PRODUCTCF11\" class=\"mL45 robotoRegular DV_textAreaLineClamp\" data-zcqa=\"value_Description - French\">Moraillon \u00e0 c\u00e2ble r\u00e9glable.<\/p>\n<p class=\"mL45 robotoRegular DV_textAreaLineClamp\" data-zcqa=\"value_Description - French\">C\u00e2ble en acier de 1.5mm de diam\u00e8tre, 12 pouces de long Accepte 2 cadenas, trou de 8mm et 6mm<\/p>\n<p class=\"mL45 robotoRegular DV_textAreaLineClamp\" data-zcqa=\"value_Description - French\">\n","protected":false},"excerpt":{"rendered":"<p>Moraillon \u00e0 c\u00e2ble r\u00e9glable. C\u00e2ble en acier de 1.5mm de diam\u00e8tre, 12 pouces de long Accepte 2 cadenas, trou de 8mm et 6mm<\/p>\n","protected":false},"featured_media":27616,"template":"","meta":[],"product_brand":[],"product_cat":[425,438],"product_tag":[],"class_list":{"0":"post-9971","1":"product","2":"type-product","3":"status-publish","4":"has-post-thumbnail","6":"product_cat-securite-machine-verrouillage-cadenassage","7":"product_cat-dispositifs-de-verrouillage-et-de-cadenassage","8":"pa_organization-ezsecur","9":"pa_sku-std-120-cable-12","10":"pa_unit-pc","12":"first","13":"instock","14":"taxable","15":"shipping-taxable","16":"purchasable","17":"product-type-simple"},"_links":{"self":[{"href":"https:\/\/ezsecur.elsnerdev.com\/fr\/wp-json\/wp\/v2\/product\/9971","targetHints":{"allow":["GET"]}}],"collection":[{"href":"https:\/\/ezsecur.elsnerdev.com\/fr\/wp-json\/wp\/v2\/product"}],"about":[{"href":"https:\/\/ezsecur.elsnerdev.com\/fr\/wp-json\/wp\/v2\/types\/product"}],"wp:featuredmedia":[{"embeddable":true,"href":"https:\/\/ezsecur.elsnerdev.com\/fr\/wp-json\/wp\/v2\/media\/27616"}],"wp:attachment":[{"href":"https:\/\/ezsecur.elsnerdev.com\/fr\/wp-json\/wp\/v2\/media?parent=9971"}],"wp:term":[{"taxonomy":"product_brand","embeddable":true,"href":"https:\/\/ezsecur.elsnerdev.com\/fr\/wp-json\/wp\/v2\/product_brand?post=9971"},{"taxonomy":"product_cat","embeddable":true,"href":"https:\/\/ezsecur.elsnerdev.com\/fr\/wp-json\/wp\/v2\/product_cat?post=9971"},{"taxonomy":"product_tag","embeddable":true,"href":"https:\/\/ezsecur.elsnerdev.com\/fr\/wp-json\/wp\/v2\/product_tag?post=9971"}],"curies":[{"name":"wp","href":"https:\/\/api.w.org\/{rel}","templated":true}]}}