{"id":9975,"date":"2023-05-26T12:41:20","date_gmt":"2023-05-26T16:41:20","guid":{"rendered":"https:\/\/c55978fc42.nxcli.io\/?post_type=product&#038;p=9975"},"modified":"2026-03-03T01:21:34","modified_gmt":"2026-03-03T06:21:34","slug":"cadenassage-cable-6mm-en-acier-reglable-72-standard","status":"publish","type":"product","link":"https:\/\/ezsecur.elsnerdev.com\/fr\/product\/cadenassage-cable-6mm-en-acier-reglable-72-standard\/","title":{"rendered":"Cadenassage &#8211; C\u00e2ble 6mm en acier r\u00e9glable &#8211; 72 &#8211; STANDARD"},"content":{"rendered":"<pre id=\"subvalue_DESCRIPTION\" class=\"mL45 robotoRegular DV_textAreaLineClamp\" data-zcqa=\"value_DESCRIPTION\">Moraillon \u00e0 c\u00e2ble r\u00e9glable. \r\nSangle robuste en polyester, pour 4 cadenas. \r\nC\u00e2ble en acier de 6mm de diam\u00e8tre, 6 pieds de long, avec rev\u00eatement plastique transparent.\r\n#112<\/pre>\n","protected":false},"excerpt":{"rendered":"<p>Moraillon \u00e0 c\u00e2ble r\u00e9glable. Sangle robuste en polyester, pour 4 cadenas. C\u00e2ble en acier de 6mm de diam\u00e8tre, 6 pieds de long, avec rev\u00eatement plastique transparent.<span class=\"excerpt-hellip\"> [\u2026]<\/span><\/p>\n","protected":false},"featured_media":27617,"template":"","meta":[],"product_brand":[],"product_cat":[425,438],"product_tag":[],"class_list":{"0":"post-9975","1":"product","2":"type-product","3":"status-publish","4":"has-post-thumbnail","6":"product_cat-securite-machine-verrouillage-cadenassage","7":"product_cat-dispositifs-de-verrouillage-et-de-cadenassage","8":"pa_organization-ezsecur","9":"pa_sku-std-112-cable-6x78","10":"pa_unit-pc","12":"first","13":"instock","14":"taxable","15":"shipping-taxable","16":"purchasable","17":"product-type-simple"},"_links":{"self":[{"href":"https:\/\/ezsecur.elsnerdev.com\/fr\/wp-json\/wp\/v2\/product\/9975","targetHints":{"allow":["GET"]}}],"collection":[{"href":"https:\/\/ezsecur.elsnerdev.com\/fr\/wp-json\/wp\/v2\/product"}],"about":[{"href":"https:\/\/ezsecur.elsnerdev.com\/fr\/wp-json\/wp\/v2\/types\/product"}],"wp:featuredmedia":[{"embeddable":true,"href":"https:\/\/ezsecur.elsnerdev.com\/fr\/wp-json\/wp\/v2\/media\/27617"}],"wp:attachment":[{"href":"https:\/\/ezsecur.elsnerdev.com\/fr\/wp-json\/wp\/v2\/media?parent=9975"}],"wp:term":[{"taxonomy":"product_brand","embeddable":true,"href":"https:\/\/ezsecur.elsnerdev.com\/fr\/wp-json\/wp\/v2\/product_brand?post=9975"},{"taxonomy":"product_cat","embeddable":true,"href":"https:\/\/ezsecur.elsnerdev.com\/fr\/wp-json\/wp\/v2\/product_cat?post=9975"},{"taxonomy":"product_tag","embeddable":true,"href":"https:\/\/ezsecur.elsnerdev.com\/fr\/wp-json\/wp\/v2\/product_tag?post=9975"}],"curies":[{"name":"wp","href":"https:\/\/api.w.org\/{rel}","templated":true}]}}