{"id":9995,"date":"2023-05-26T13:49:49","date_gmt":"2023-05-26T17:49:49","guid":{"rendered":"https:\/\/c55978fc42.nxcli.io\/?post_type=product&#038;p=9995"},"modified":"2026-03-03T01:21:36","modified_gmt":"2026-03-03T06:21:36","slug":"telecommande-sans-fil-10-boutons-100-m-emetteur-2-75x6-5-standard-iz","status":"publish","type":"product","link":"https:\/\/ezsecur.elsnerdev.com\/fr\/product\/telecommande-sans-fil-10-boutons-100-m-emetteur-2-75x6-5-standard-iz\/","title":{"rendered":"T\u00e9l\u00e9commande sans fil 10 boutons &#8211; 100 m &#8211; \u00c9metteur &#8211; 2.75&#215;6.5 &#8211; STANDARD IZ"},"content":{"rendered":"<pre id=\"subvalue_PRODUCTCF11\" class=\"mL45 robotoRegular DV_textAreaLineClamp\" data-zcqa=\"value_Description - French\">Manette 10 boutons sans fil, 100m de distance de contr\u00f4le, \r\nboitier renforc\u00e9 de fibre de verre, \r\nIP65 avec code de s\u00e9curit\u00e9, \r\ndocumentation technique.\r\nIdentification des boutons \u00e0 confirmer.\r\nFonctionne avec SKU :\r\n-STD-BOIT-CON-INTEL-RECEP-120VA\r\n-STD-BOIT-CON-INTEL-RECEP-12VDC<\/pre>\n","protected":false},"excerpt":{"rendered":"<p>Manette 10 boutons sans fil, 100m de distance de contr\u00f4le, boitier renforc\u00e9 de fibre de verre, IP65 avec code de s\u00e9curit\u00e9, documentation technique. Identification des boutons<span class=\"excerpt-hellip\"> [\u2026]<\/span><\/p>\n","protected":false},"featured_media":27622,"template":"","meta":[],"product_brand":[],"product_cat":[389,391],"product_tag":[],"class_list":{"0":"post-9995","1":"product","2":"type-product","3":"status-publish","4":"has-post-thumbnail","6":"product_cat-signalisation-industrielle-et-circulation-sur-site","7":"product_cat-signalisation-dynamique-activee-a-distance-alimentation-solaire","8":"pa_organization-ezsecur","9":"pa_sku-std-telecom-emet-recep-2-75x6-5","10":"pa_unit-un","12":"first","13":"instock","14":"taxable","15":"shipping-taxable","16":"purchasable","17":"product-type-simple"},"_links":{"self":[{"href":"https:\/\/ezsecur.elsnerdev.com\/fr\/wp-json\/wp\/v2\/product\/9995","targetHints":{"allow":["GET"]}}],"collection":[{"href":"https:\/\/ezsecur.elsnerdev.com\/fr\/wp-json\/wp\/v2\/product"}],"about":[{"href":"https:\/\/ezsecur.elsnerdev.com\/fr\/wp-json\/wp\/v2\/types\/product"}],"wp:featuredmedia":[{"embeddable":true,"href":"https:\/\/ezsecur.elsnerdev.com\/fr\/wp-json\/wp\/v2\/media\/27622"}],"wp:attachment":[{"href":"https:\/\/ezsecur.elsnerdev.com\/fr\/wp-json\/wp\/v2\/media?parent=9995"}],"wp:term":[{"taxonomy":"product_brand","embeddable":true,"href":"https:\/\/ezsecur.elsnerdev.com\/fr\/wp-json\/wp\/v2\/product_brand?post=9995"},{"taxonomy":"product_cat","embeddable":true,"href":"https:\/\/ezsecur.elsnerdev.com\/fr\/wp-json\/wp\/v2\/product_cat?post=9995"},{"taxonomy":"product_tag","embeddable":true,"href":"https:\/\/ezsecur.elsnerdev.com\/fr\/wp-json\/wp\/v2\/product_tag?post=9995"}],"curies":[{"name":"wp","href":"https:\/\/api.w.org\/{rel}","templated":true}]}}